{"id":498,"date":"2021-09-07T19:11:30","date_gmt":"2021-09-07T17:11:30","guid":{"rendered":"https:\/\/www.therapycouch.at\/index.php\/home\/"},"modified":"2021-09-19T18:18:45","modified_gmt":"2021-09-19T16:18:45","slug":"psychotherapie-2","status":"publish","type":"page","link":"https:\/\/www.therapycouch.at\/","title":{"rendered":"Silvia Schuscha &#8211; Psychotherapie in Wien"},"content":{"rendered":"<p>Psychotherapie und individualpsychologische Analyse im Gesundheitszentrum an der Oper in 1010 Wien. Freie Pl\u00e4tze Mittwoch und Freitag. Gerne begr\u00fc\u00dfe ich Sie zu einem Erstgespr\u00e4ch in meiner Praxis am Karlsplatz.<\/p>\n","protected":false},"excerpt":{"rendered":"<p>Psychotherapie und individualpsychologische Analyse im Gesundheitszentrum an der Oper in 1010 Wien. Freie Pl\u00e4tze Mittwoch und Freitag. Gerne begr\u00fc\u00dfe ich Sie zu einem Erstgespr\u00e4ch in meiner Praxis am Karlsplatz.<\/p>\n","protected":false},"author":1,"featured_media":0,"parent":0,"menu_order":0,"comment_status":"closed","ping_status":"closed","template":"template-homepage.php","meta":{"footnotes":""},"class_list":["post-498","page","type-page","status-publish","hentry"],"_links":{"self":[{"href":"https:\/\/www.therapycouch.at\/index.php\/wp-json\/wp\/v2\/pages\/498","targetHints":{"allow":["GET"]}}],"collection":[{"href":"https:\/\/www.therapycouch.at\/index.php\/wp-json\/wp\/v2\/pages"}],"about":[{"href":"https:\/\/www.therapycouch.at\/index.php\/wp-json\/wp\/v2\/types\/page"}],"author":[{"embeddable":true,"href":"https:\/\/www.therapycouch.at\/index.php\/wp-json\/wp\/v2\/users\/1"}],"replies":[{"embeddable":true,"href":"https:\/\/www.therapycouch.at\/index.php\/wp-json\/wp\/v2\/comments?post=498"}],"version-history":[{"count":3,"href":"https:\/\/www.therapycouch.at\/index.php\/wp-json\/wp\/v2\/pages\/498\/revisions"}],"predecessor-version":[{"id":535,"href":"https:\/\/www.therapycouch.at\/index.php\/wp-json\/wp\/v2\/pages\/498\/revisions\/535"}],"wp:attachment":[{"href":"https:\/\/www.therapycouch.at\/index.php\/wp-json\/wp\/v2\/media?parent=498"}],"curies":[{"name":"wp","href":"https:\/\/api.w.org\/{rel}","templated":true}]}}