{"id":302,"date":"2019-04-08T17:21:43","date_gmt":"2019-04-08T15:21:43","guid":{"rendered":"https:\/\/therapycouch.at\/wpprerelease\/wordpress\/?page_id=302"},"modified":"2025-04-27T12:04:25","modified_gmt":"2025-04-27T10:04:25","slug":"impressum","status":"publish","type":"page","link":"https:\/\/www.therapycouch.at\/index.php\/impressum\/","title":{"rendered":"Impressum"},"content":{"rendered":"<p><span style=\"color: #000000;\"><em>Impressum<\/em><\/span><\/p>\n<p class=\"adsimple-221090862\"><span style=\"color: #000000;\">Informationspflicht laut \u00a75 E-Commerce Gesetz, \u00a714 Unternehmensgesetzbuch, \u00a763 Gewerbeordnung und Offenlegungspflicht laut \u00a725 Mediengesetz.<\/span><\/p>\n<p class=\"adsimple-221090862\"><span style=\"color: #000000;\">Psychotherapeutin<\/span><br \/>\n<span style=\"color: #000000;\">Silvia Nitschinger, MA<\/span><br \/>\n<span style=\"color: #000000;\">B\u00f6sendorferstra\u00dfe 1\/16A,<\/span><br \/>\n<span style=\"color: #000000;\">1010 Wien,<\/span><br \/>\n<span style=\"color: #000000;\">\u00d6sterreich<\/span><\/p>\n<p class=\"adsimple-221090862\"><span style=\"color: #000000;\">Unternehmensgegenstand: Psychotherapie<\/span><br \/>\n<span style=\"color: #000000;\">UID-Nummer: ATU74021015<\/span><\/p>\n<p class=\"adsimple-221090862\"><span style=\"color: #000000;\">Tel.: 0670\/607 62 80\u00a0<\/span><br \/>\n<span style=\"color: #000000;\"><a href=\"&#x6d;&#97;i&#x6c;&#116;o&#x3a;&#112;r&#x61;&#120;i&#x73;&#64;t&#x68;&#101;r&#x61;&#112;y&#x63;&#111;u&#x63;&#104;&#46;&#x61;&#116;\">&#x45;-&#x4d;&#97;&#x69;&#x6c;:&#x20;&#112;&#x72;&#x61;x&#x69;&#115;&#x40;&#x74;h&#x65;&#114;&#x61;&#x70;y&#x63;&#111;&#x75;&#x63;h&#x2e;&#97;&#x74;<\/a><\/span><\/p>\n<p class=\"adsimple-221090862\"><span style=\"color: #000000;\">Mitglied bei: \u00d6sterreichischer Verein f\u00fcr Individualpsychologie<\/span><br \/>\n<span style=\"color: #000000;\">Berufsrecht: Psychotherapiegesetz BGBl.Nr. 361\/1990 ST0151<\/span><\/p>\n<p class=\"adsimple-221090862\"><span style=\"color: #000000;\">Aufsichtsbeh\u00f6rde\/Gewerbebeh\u00f6rde: Psychotherapiebeirat, Wien<\/span><br \/>\n<span style=\"color: #000000;\">Berufsbezeichnung: Psychotherapeutin (Individualpsychologie)<\/span><br \/>\n<span style=\"color: #000000;\">Verleihungsstaat: \u00d6sterreich<\/span><\/p>\n<p><span style=\"color: #000000;\">Die Inhalte der Website wurden sorgf\u00e4ltig zusammengestellt, dennoch sind \u00c4nderungen und Irrt\u00fcmer vorbehalten und es wird keine Haftung f\u00fcr etwaige fehlerhafte Angaben \u00fcbernommen.<\/span><\/p>\n<p><span style=\"color: #000000;\">Die Inhalte der Website sind nur f\u00fcr den pers\u00f6nlichen Gebrauch bestimmt und urheberrechtlich gesch\u00fctzt.\u00a0Jede weitere Nutzung, insbesondere die Speicherung in Datenbanken, Ver\u00f6ffentlichung, Vervielf\u00e4ltigung und jede Form von gewerblicher Nutzung, sowie die Weitergabe an Dritte, auch in beschr\u00e4nkter oder in abge\u00e4nderter Form, ist ohne Zustimmung der Inhaberin untersagt.<\/span><\/p>\n<p><span style=\"color: #000000;\">Inhalte externer Seiten, die \u00fcber Verlinkungen erreicht werden k\u00f6nnen, unterliegen nicht der Verantwortung der Seiteninhaberin.<\/span><\/p>\n<p><span style=\"color: #000000;\">Es gilt \u00f6sterreichisches Recht. Gerichtsstand ist Wien.<\/span><\/p>\n","protected":false},"excerpt":{"rendered":"<p>Impressum Informationspflicht laut \u00a75 E-Commerce Gesetz, \u00a714 Unternehmensgesetzbuch, \u00a763 Gewerbeordnung und Offenlegungspflicht laut \u00a725 Mediengesetz. Psychotherapeutin Silvia Nitschinger, MA B\u00f6sendorferstra\u00dfe 1\/16A, 1010 Wien, \u00d6sterreich Unternehmensgegenstand: Psychotherapie UID-Nummer: ATU74021015 Tel.: 0670\/607 62 80\u00a0 Mitglied bei: \u00d6sterreichischer Verein f\u00fcr Individualpsychologie Berufsrecht: Psychotherapiegesetz BGBl.Nr. 361\/1990 ST0151 Aufsichtsbeh\u00f6rde\/Gewerbebeh\u00f6rde: Psychotherapiebeirat, Wien Berufsbezeichnung: Psychotherapeutin (Individualpsychologie) Verleihungsstaat: \u00d6sterreich Die Inhalte der Website [&hellip;]<\/p>\n","protected":false},"author":1,"featured_media":0,"parent":0,"menu_order":0,"comment_status":"closed","ping_status":"closed","template":"","meta":{"footnotes":""},"class_list":["post-302","page","type-page","status-publish","hentry"],"_links":{"self":[{"href":"https:\/\/www.therapycouch.at\/index.php\/wp-json\/wp\/v2\/pages\/302","targetHints":{"allow":["GET"]}}],"collection":[{"href":"https:\/\/www.therapycouch.at\/index.php\/wp-json\/wp\/v2\/pages"}],"about":[{"href":"https:\/\/www.therapycouch.at\/index.php\/wp-json\/wp\/v2\/types\/page"}],"author":[{"embeddable":true,"href":"https:\/\/www.therapycouch.at\/index.php\/wp-json\/wp\/v2\/users\/1"}],"replies":[{"embeddable":true,"href":"https:\/\/www.therapycouch.at\/index.php\/wp-json\/wp\/v2\/comments?post=302"}],"version-history":[{"count":19,"href":"https:\/\/www.therapycouch.at\/index.php\/wp-json\/wp\/v2\/pages\/302\/revisions"}],"predecessor-version":[{"id":596,"href":"https:\/\/www.therapycouch.at\/index.php\/wp-json\/wp\/v2\/pages\/302\/revisions\/596"}],"wp:attachment":[{"href":"https:\/\/www.therapycouch.at\/index.php\/wp-json\/wp\/v2\/media?parent=302"}],"curies":[{"name":"wp","href":"https:\/\/api.w.org\/{rel}","templated":true}]}}