{"id":3,"date":"2018-12-03T19:52:33","date_gmt":"2018-12-03T18:52:33","guid":{"rendered":"https:\/\/www.barawitz.tk\/wordpress\/?page_id=3"},"modified":"2019-04-11T10:02:39","modified_gmt":"2019-04-11T08:02:39","slug":"datenschutzerklaerung","status":"publish","type":"page","link":"https:\/\/www.therapycouch.at\/index.php\/datenschutzerklaerung\/","title":{"rendered":"Datenschutzerkl\u00e4rung"},"content":{"rendered":"<p><span style=\"color: #000000;\"><em>Datenschutz<\/em><\/span><\/p>\n<p><span style=\"color: #000000;\">Wir haben diese Datenschutzerkl\u00e4rung (Fassung 07.04.2019-211090735) verfasst, um Ihnen gem\u00e4\u00df der Vorgaben der Datenschutz-Grundverordnung (EU) 2016\/679 und dem<\/span>\u00a0<a class=\"adsimple-211090735\" href=\"https:\/\/www.ris.bka.gv.at\/GeltendeFassung.wxe?Abfrage=Bundesnormen&amp;Gesetzesnummer=10001597&amp;tid=211090735\" target=\"_blank\" rel=\"noopener nofollow\">Datenschutzgesetz (DSG)<\/a><span style=\"color: #000000;\">\u00a0zu erkl\u00e4ren, welche Informationen wir sammeln, wie wir Daten verwenden und welche Entscheidungsm\u00f6glichkeiten Sie als Besucher dieser Webseite haben.<\/span><\/p>\n<p><span style=\"color: #000000;\">Leider liegt es in der Natur der Sache, dass diese Erkl\u00e4rungen sehr technisch klingen, wir haben uns bei der Erstellung jedoch bem\u00fcht die wichtigsten Dinge so einfach und klar wie m\u00f6glich zu beschreiben.<\/span><\/p>\n<p class=\"adsimple-211090735\"><span style=\"color: #000000;\"><em>Speicherung pers\u00f6nlicher Daten<\/em><\/span><\/p>\n<p><span style=\"color: #000000;\">Pers\u00f6nliche Daten, die Sie uns auf dieser Website elektronisch \u00fcbermitteln, wie zum Beispiel Name, E-Mail-Adresse, Adresse oder andere pers\u00f6nlichen Angaben im Rahmen der \u00dcbermittlung eines Formulars oder Kommentaren im Blog, werden von uns gemeinsam mit dem Zeitpunkt und der IP-Adresse nur zum jeweils angegebenen Zweck verwendet, sicher verwahrt und nicht an Dritte weitergegeben.<\/span><\/p>\n<p><span style=\"color: #000000;\">Wir nutzen Ihre pers\u00f6nlichen Daten somit nur f\u00fcr die Kommunikation mit jenen Besuchern, die Kontakt ausdr\u00fccklich w\u00fcnschen und f\u00fcr die Abwicklung der auf dieser Webseite angebotenen Dienstleistungen und Produkte. Wir geben Ihre pers\u00f6nlichen Daten ohne Zustimmung nicht weiter, k\u00f6nnen jedoch nicht ausschlie\u00dfen, dass diese Daten beim Vorliegen von rechtswidrigem Verhalten eingesehen werden.<\/span><\/p>\n<p><span style=\"color: #000000;\">Wenn Sie uns pers\u00f6nliche Daten per E-Mail schicken \u2013 somit abseits dieser Webseite \u2013 k\u00f6nnen wir keine sichere \u00dcbertragung und den Schutz Ihrer Daten garantieren. Wir empfehlen Ihnen, vertrauliche Daten niemals unverschl\u00fcsselt per E-Mail zu \u00fcbermitteln.<\/span><\/p>\n<p><span style=\"color: #000000;\">Die Rechtsgrundlage besteht nach\u00a0<\/span><a class=\"adsimple-211090735\" href=\"https:\/\/eur-lex.europa.eu\/legal-content\/DE\/TXT\/HTML\/?uri=CELEX:32016R0679&amp;from=DE&amp;tid=211090735\" target=\"_blank\" rel=\"noopener nofollow\">Artikel 6\u00a0 Absatz 1 a DSGVO<\/a>\u00a0<span style=\"color: #000000;\">(Rechtm\u00e4\u00dfigkeit der Verarbeitung) darin, dass Sie uns die Einwilligung zur Verarbeitung der von Ihnen eingegebenen Daten geben. Sie k\u00f6nnen diesen Einwilligung jederzeit widerrufen \u2013 eine formlose E-Mail reicht aus, Sie finden unsere Kontaktdaten im Impressum.<\/span><\/p>\n<p class=\"adsimple-211090735\"><span style=\"color: #000000;\"><em>Rechte laut Datenschutzgrundverordnung<\/em><\/span><\/p>\n<p><span style=\"color: #000000;\">Ihnen stehen laut den Bestimmungen der DSGVO und des \u00f6sterreichischen\u00a0<\/span><a class=\"adsimple-211090735\" href=\"https:\/\/www.ris.bka.gv.at\/GeltendeFassung.wxe?Abfrage=Bundesnormen&amp;Gesetzesnummer=10001597&amp;tid=211090735\" target=\"_blank\" rel=\"noopener nofollow\">Datenschutzgesetzes (DSG)<\/a>\u00a0<span style=\"color: #000000;\">grunds\u00e4tzlich die folgende Rechte zu:<\/span><\/p>\n<ul class=\"adsimple-211090735\">\n<li class=\"adsimple-211090735\"><span style=\"color: #000000;\">Recht auf Berichtung (Artikel 16 DSGVO)<\/span><\/li>\n<li class=\"adsimple-211090735\"><span style=\"color: #000000;\">Recht auf L\u00f6schung (\u201eRecht auf Vergessenwerden\u201c) (Artikel 17 DSGVO)<\/span><\/li>\n<li class=\"adsimple-211090735\"><span style=\"color: #000000;\">Recht auf Einschr\u00e4nkung der Verarbeitung (Artikel 18 DSGVO)<\/span><\/li>\n<li class=\"adsimple-211090735\"><span style=\"color: #000000;\">Recht auf Benachrichtigung \u2013 Mitteilungspflicht im Zusammenhang mit der Berichtigung oder L\u00f6schung personenbezogener Daten oder der Einschr\u00e4nkung der Verarbeitung (Artikel 19 DSGVO)<\/span><\/li>\n<li class=\"adsimple-211090735\"><span style=\"color: #000000;\">Recht auf Daten\u00fcbertragbarkeit (Artikel 20 DSGVO)<\/span><\/li>\n<li class=\"adsimple-211090735\"><span style=\"color: #000000;\">Widerspruchsrecht (Artikel 21 DSGVO)<\/span><\/li>\n<li class=\"adsimple-211090735\"><span style=\"color: #000000;\">Recht, nicht einer ausschlie\u00dflich auf einer automatisierten Verarbeitung \u2014 einschlie\u00dflich Profiling \u2014 beruhenden Entscheidung unterworfen zu werden (Artikel 22 DSGVO)<\/span><\/li>\n<\/ul>\n<p><span style=\"color: #000000;\">Wenn Sie glauben, dass die Verarbeitung Ihrer Daten gegen das Datenschutzrecht verst\u00f6\u00dft oder Ihre datenschutzrechtlichen Anspr\u00fcche sonst in einer Weise verletzt worden sind, k\u00f6nnen Sie sich bei der Aufsichtsbeh\u00f6rde beschweren, welche in \u00d6sterreich die Datenschutzbeh\u00f6rde ist, deren Webseite Sie unter<\/span>\u00a0<a class=\"adsimple-211090735\" href=\"https:\/\/www.dsb.gv.at\/?tid=211090735\" rel=\"nofollow\">https:\/\/www.dsb.gv.at\/<\/a>\u00a0<span style=\"color: #000000;\">finden.<\/span><\/p>\n<p class=\"adsimple-211090735\"><span style=\"color: #000000;\"><em>TLS-Verschl\u00fcsselung mit https<\/em><\/span><\/p>\n<p><span style=\"color: #000000;\">Wir verwenden https um Daten abh\u00f6rsicher im Internet zu \u00fcbertragen (Datenschutz durch Technikgestaltung\u00a0<\/span><a class=\"adsimple-211090735\" href=\"https:\/\/eur-lex.europa.eu\/legal-content\/DE\/TXT\/HTML\/?uri=CELEX:32016R0679&amp;from=DE&amp;tid=211090735\" target=\"_blank\" rel=\"noopener nofollow\">Artikel 25 Absatz 1 DSGVO<\/a>).<span style=\"color: #000000;\"> Durch den Einsatz von TLS (Transport Layer Security), einem Verschl\u00fcsselungsprotokoll zur sicheren Daten\u00fcbertragung im Internet k\u00f6nnen wir den Schutz vertraulicher Daten sicherstellen. Sie erkennen die Benutzung dieser Absicherung der Daten\u00fcbertragung am kleinen Schlosssymbol links oben im Browser und der Verwendung des Schemas https (anstatt http) als Teil unserer Internetadresse.<\/span><\/p>\n<p class=\"adsimple-211090735\"><span style=\"color: #000000;\"><em>Google Fonts Datenschutzerkl\u00e4rung<\/em><\/span><\/p>\n<p><span style=\"color: #000000;\">Wir verwenden Google Fonts der Firma Google Inc. (1600 Amphitheatre Parkway Mountain View, CA 94043, USA) auf unserer Webseite. Die Verwendung von Google Fonts erfolgt ohne Authentisierung und es werden keine Cookies an die Google Fonts API gesendet. Sollten Sie ein Konto bei Google haben, werden keine Ihrer Google-Kontodaten an Google w\u00e4hrend der Nutzung von Google Fonts \u00fcbermittelt. Google erfasst lediglich die Nutzung von CSS und der verwendeten Fonts und speichert diese Daten sicher. Mehr zu diesen und weiteren Fragen finden Sie auf\u00a0<\/span><a class=\"adsimple-211090735\" href=\"https:\/\/developers.google.com\/fonts\/faq\" rel=\"nofollow\">https:\/\/developers.google.com\/fonts\/faq?tid=211090735<\/a>.<\/p>\n<p><span style=\"color: #000000;\">Welche Daten von Google erfasst werden und wof\u00fcr diese Daten verwendet werden, k\u00f6nnen Sie auf<\/span>\u00a0<a class=\"adsimple-211090735\" href=\"https:\/\/www.google.com\/intl\/de\/policies\/privacy\/\" rel=\"nofollow\">https:\/\/www.google.com\/intl\/de\/policies\/privacy\/<\/a>\u00a0<span style=\"color: #000000;\">nachlesen.<\/span><\/p>\n<p><span style=\"color: #000000;\">Quelle: Erstellt\u00a0mit dem<\/span>\u00a0<a title=\"Datenschutz Generator von firmenwebseiten.at\" href=\"https:\/\/www.firmenwebseiten.at\/datenschutz-generator\/\" target=\"_blank\" rel=\"follow noopener\">Datenschutz Generator von firmenwebseiten.at<\/a><span style=\"color: #000000;\">\u00a0in Kooperation mit<\/span>\u00a0<a class=\"external\" title=\"Oberlidkorrektur (obere Blepharoplastik) Wien bei Dr. Wallentin\" href=\"https:\/\/www.wallentin.cc\/oberlidkorrektur-wien-obere-blepharoplastik\/\" target=\"_blank\" rel=\"follow noopener\">Dr. Wallentin<\/a><\/p>\n","protected":false},"excerpt":{"rendered":"<p>Datenschutz Wir haben diese Datenschutzerkl\u00e4rung (Fassung 07.04.2019-211090735) verfasst, um Ihnen gem\u00e4\u00df der Vorgaben der Datenschutz-Grundverordnung (EU) 2016\/679 und dem\u00a0Datenschutzgesetz (DSG)\u00a0zu erkl\u00e4ren, welche Informationen wir sammeln, wie wir Daten verwenden und welche Entscheidungsm\u00f6glichkeiten Sie als Besucher dieser Webseite haben. Leider liegt es in der Natur der Sache, dass diese Erkl\u00e4rungen sehr technisch klingen, wir haben uns [&hellip;]<\/p>\n","protected":false},"author":1,"featured_media":0,"parent":0,"menu_order":0,"comment_status":"closed","ping_status":"open","template":"","meta":{"footnotes":""},"class_list":["post-3","page","type-page","status-publish","hentry"],"_links":{"self":[{"href":"https:\/\/www.therapycouch.at\/index.php\/wp-json\/wp\/v2\/pages\/3","targetHints":{"allow":["GET"]}}],"collection":[{"href":"https:\/\/www.therapycouch.at\/index.php\/wp-json\/wp\/v2\/pages"}],"about":[{"href":"https:\/\/www.therapycouch.at\/index.php\/wp-json\/wp\/v2\/types\/page"}],"author":[{"embeddable":true,"href":"https:\/\/www.therapycouch.at\/index.php\/wp-json\/wp\/v2\/users\/1"}],"replies":[{"embeddable":true,"href":"https:\/\/www.therapycouch.at\/index.php\/wp-json\/wp\/v2\/comments?post=3"}],"version-history":[{"count":3,"href":"https:\/\/www.therapycouch.at\/index.php\/wp-json\/wp\/v2\/pages\/3\/revisions"}],"predecessor-version":[{"id":349,"href":"https:\/\/www.therapycouch.at\/index.php\/wp-json\/wp\/v2\/pages\/3\/revisions\/349"}],"wp:attachment":[{"href":"https:\/\/www.therapycouch.at\/index.php\/wp-json\/wp\/v2\/media?parent=3"}],"curies":[{"name":"wp","href":"https:\/\/api.w.org\/{rel}","templated":true}]}}