{"id":138,"date":"2019-02-10T17:28:02","date_gmt":"2019-02-10T16:28:02","guid":{"rendered":"https:\/\/www.barawitz.tk\/wordpress\/?page_id=138"},"modified":"2021-07-30T18:21:22","modified_gmt":"2021-07-30T16:21:22","slug":"die-praxis","status":"publish","type":"page","link":"https:\/\/www.therapycouch.at\/index.php\/die-praxis\/","title":{"rendered":"Die Praxisr\u00e4ume"},"content":{"rendered":"<p><img loading=\"lazy\" decoding=\"async\" class=\"size-medium wp-image-190 alignright\" src=\"https:\/\/therapycouch.at\/wpprerelease\/wordpress\/wp-content\/uploads\/2018\/12\/IMG_5686-300x200.jpg\" alt=\"\" width=\"300\" height=\"200\" srcset=\"https:\/\/www.therapycouch.at\/wp-content\/uploads\/2018\/12\/IMG_5686-300x200.jpg 300w, https:\/\/www.therapycouch.at\/wp-content\/uploads\/2018\/12\/IMG_5686-768x512.jpg 768w, https:\/\/www.therapycouch.at\/wp-content\/uploads\/2018\/12\/IMG_5686-1024x683.jpg 1024w\" sizes=\"auto, (max-width: 300px) 100vw, 300px\" \/><span style=\"color: #000000;\">Die Praxisr\u00e4ume befinden sich in einem sch\u00f6nen Wiener Altbaugeb\u00e4ude, schr\u00e4g gegen\u00fcber der Wiener Oper.<\/span><\/p>\n<p><span style=\"color: #000000;\">Bitte verwenden Sie den T\u00fcr\u00f6ffner am Hauseingang der Adresse B\u00f6sendorferstra\u00dfe 1\/16A, 1010 Wien. \u00a0Nehmen Sie den linken Stiegenaufgang und Sie finden die Praxist\u00fcre mit der Aufschrift &#8222;Gesundheitszentrum an der Oper&#8220; im 2. Stock vor. Dr\u00fccken Sie diese einfach auf ohne anzul\u00e4uten, sie ist zu unseren Praxiszeiten ge\u00f6ffnet.<\/span><\/p>\n<p><span style=\"color: #000000;\">Sie gelangen nun in die hellen Praxisr\u00e4umlichkeiten, die in schlichten Wei\u00df- und Holzt\u00f6nen gehalten sind. Im Warteraum haben die M\u00f6glichkeit Platz zu nehmen bis Ihr Termin beginnt, eine Auswahl verschiedener Zeitschriften liegt stets auf. Nat\u00fcrlich ist ein WC direkt im Anschluss zum Warteraum vorhanden.<\/span><\/p>\n<p><span style=\"color: #000000;\">Der Praxisraum selbst verf\u00fcgt \u00fcber eine gem\u00fctliche Couch f\u00fcr hochfrequente Analysen. Der Raum ist klassisch und schlicht gehalten, wodurch er eine ruhige und entspannende Atmosph\u00e4re ausstrahlt, die Ihnen Platz bietet sich zu entfalten.<\/span><\/p>\n","protected":false},"excerpt":{"rendered":"<p>Die Praxisr\u00e4ume befinden sich in einem sch\u00f6nen Wiener Altbaugeb\u00e4ude, schr\u00e4g gegen\u00fcber der Wiener Oper. Bitte verwenden Sie den T\u00fcr\u00f6ffner am Hauseingang der Adresse B\u00f6sendorferstra\u00dfe 1\/16A, 1010 Wien. \u00a0Nehmen Sie den linken Stiegenaufgang und Sie finden die Praxist\u00fcre mit der Aufschrift &#8222;Gesundheitszentrum an der Oper&#8220; im 2. Stock vor. Dr\u00fccken Sie diese einfach auf ohne anzul\u00e4uten, [&hellip;]<\/p>\n","protected":false},"author":1,"featured_media":0,"parent":0,"menu_order":0,"comment_status":"closed","ping_status":"closed","template":"","meta":{"footnotes":""},"class_list":["post-138","page","type-page","status-publish","hentry"],"_links":{"self":[{"href":"https:\/\/www.therapycouch.at\/index.php\/wp-json\/wp\/v2\/pages\/138","targetHints":{"allow":["GET"]}}],"collection":[{"href":"https:\/\/www.therapycouch.at\/index.php\/wp-json\/wp\/v2\/pages"}],"about":[{"href":"https:\/\/www.therapycouch.at\/index.php\/wp-json\/wp\/v2\/types\/page"}],"author":[{"embeddable":true,"href":"https:\/\/www.therapycouch.at\/index.php\/wp-json\/wp\/v2\/users\/1"}],"replies":[{"embeddable":true,"href":"https:\/\/www.therapycouch.at\/index.php\/wp-json\/wp\/v2\/comments?post=138"}],"version-history":[{"count":12,"href":"https:\/\/www.therapycouch.at\/index.php\/wp-json\/wp\/v2\/pages\/138\/revisions"}],"predecessor-version":[{"id":412,"href":"https:\/\/www.therapycouch.at\/index.php\/wp-json\/wp\/v2\/pages\/138\/revisions\/412"}],"wp:attachment":[{"href":"https:\/\/www.therapycouch.at\/index.php\/wp-json\/wp\/v2\/media?parent=138"}],"curies":[{"name":"wp","href":"https:\/\/api.w.org\/{rel}","templated":true}]}}